{"id":253,"date":"2020-11-23T19:23:14","date_gmt":"2020-11-23T19:23:14","guid":{"rendered":"https:\/\/www.medicallogpoint.se\/?page_id=253"},"modified":"2025-08-28T10:02:34","modified_gmt":"2025-08-28T10:02:34","slug":"kontakt","status":"publish","type":"page","link":"https:\/\/www.medicallogpoint.se\/sv\/kontakt\/","title":{"rendered":"Kontakt"},"content":{"rendered":"\n<p>V\u00e5rt dedikerade team av experter inom logistik \u00e4r h\u00e4r f\u00f6r att hj\u00e4lpa dig. Tveka inte f\u00f6r att h\u00f6ra av dig, oavsett vad du beh\u00f6ver hj\u00e4lp med.<\/p>\n\n\n\n<p><strong>\u00d6ppettider<\/strong> <br>M\u00e5ndag &#8211; fredag 07:30-16:00<\/p>\n\n\n\n<div class=\"wp-block-columns mt-3 is-layout-flex wp-container-core-columns-is-layout-9d6595d7 wp-block-columns-is-layout-flex\">\n<div class=\"wp-block-column is-layout-flow wp-block-column-is-layout-flow\">\n<p><strong>Medical Log Point AB<\/strong><br>Trank\u00e4rrsgatan 15<br>SE-425 37 Hisings K\u00e4rra<br>Org nr: 556778-1579<\/p>\n\n\n\n<p>+46 (0)31-159960<br><a href=\"mailto:info@medicallogpoint.com\">info@medicallogpoint.com<\/a><\/p>\n<\/div>\n\n\n\n<div class=\"wp-block-column is-layout-flow wp-block-column-is-layout-flow\">\n<iframe loading=\"lazy\" src=\"https:\/\/snazzymaps.com\/embed\/734253\" width=\"100%\" height=\"400px\" style=\"border:none;\"><\/iframe>\n<\/div>\n<\/div>\n\n\n\n<div class=\"wp-block-columns mt-3 is-layout-flex wp-container-core-columns-is-layout-9d6595d7 wp-block-columns-is-layout-flex\">\n<div class=\"wp-block-column is-layout-flow wp-block-column-is-layout-flow\">\n<p><strong>Generella fr\u00e5gor<\/strong><br>Peter Karl\u00e9n, VD<br><a href=\"mailto:peter.karlen@medicallogpoint.com\">peter.karlen@medicallogpoint.com<\/a><\/p>\n<\/div>\n\n\n\n<div class=\"wp-block-column is-layout-flow wp-block-column-is-layout-flow\">\n<p><strong>Kundtj\u00e4nst<\/strong><br>+46 (0)31-159960<br><a href=\"mailto:info@medicallogpoint.com\">info@medicallogpoint.com<\/a><\/p>\n\n\n\n<p><strong>Lager<\/strong><br>+46 (0)31-159960<br><a href=\"mailto:lager@medicallogpoint.com\">lager@medicallogpoint.com<\/a><\/p>\n<\/div>\n<\/div>\n","protected":false},"excerpt":{"rendered":"<p>V\u00e5rt dedikerade team av experter inom logistik \u00e4r h\u00e4r f\u00f6r att hj\u00e4lpa dig. Tveka inte f\u00f6r att h\u00f6ra av dig, oavsett vad du beh\u00f6ver hj\u00e4lp med. \u00d6ppettider M\u00e5ndag &#8211; fredag 07:30-16:00 Medical Log Point ABTrank\u00e4rrsgatan 15SE-425 37 Hisings K\u00e4rraOrg nr: 556778-1579 +46 (0)31-159960info@medicallogpoint.com Generella fr\u00e5gorPeter Karl\u00e9n, VDpeter.karlen@medicallogpoint.com Kundtj\u00e4nst+46 (0)31-159960info@medicallogpoint.com Lager+46 (0)31-159960lager@medicallogpoint.com<\/p>\n","protected":false},"author":1,"featured_media":55,"parent":0,"menu_order":0,"comment_status":"closed","ping_status":"closed","template":"views\/contact.blade.php","meta":{"_acf_changed":false,"footnotes":""},"class_list":["post-253","page","type-page","status-publish","has-post-thumbnail","hentry"],"acf":[],"_links":{"self":[{"href":"https:\/\/www.medicallogpoint.se\/sv\/wp-json\/wp\/v2\/pages\/253","targetHints":{"allow":["GET"]}}],"collection":[{"href":"https:\/\/www.medicallogpoint.se\/sv\/wp-json\/wp\/v2\/pages"}],"about":[{"href":"https:\/\/www.medicallogpoint.se\/sv\/wp-json\/wp\/v2\/types\/page"}],"author":[{"embeddable":true,"href":"https:\/\/www.medicallogpoint.se\/sv\/wp-json\/wp\/v2\/users\/1"}],"replies":[{"embeddable":true,"href":"https:\/\/www.medicallogpoint.se\/sv\/wp-json\/wp\/v2\/comments?post=253"}],"version-history":[{"count":8,"href":"https:\/\/www.medicallogpoint.se\/sv\/wp-json\/wp\/v2\/pages\/253\/revisions"}],"predecessor-version":[{"id":434,"href":"https:\/\/www.medicallogpoint.se\/sv\/wp-json\/wp\/v2\/pages\/253\/revisions\/434"}],"wp:featuredmedia":[{"embeddable":true,"href":"https:\/\/www.medicallogpoint.se\/sv\/wp-json\/wp\/v2\/media\/55"}],"wp:attachment":[{"href":"https:\/\/www.medicallogpoint.se\/sv\/wp-json\/wp\/v2\/media?parent=253"}],"curies":[{"name":"wp","href":"https:\/\/api.w.org\/{rel}","templated":true}]}}