{"id":260,"date":"2020-11-23T16:32:54","date_gmt":"2020-11-23T16:32:54","guid":{"rendered":"https:\/\/www.medicallogpoint.se\/your-nordic-health-care-logistics-expert\/"},"modified":"2023-03-27T11:46:14","modified_gmt":"2023-03-27T11:46:14","slug":"your-nordic-health-care-logistics-expert-2","status":"publish","type":"page","link":"https:\/\/www.medicallogpoint.se\/sv\/","title":{"rendered":"Er nordiska expert inom h\u00e4lso- och sjukv\u00e5rdslogistik"},"content":{"rendered":"\n<p>MLP tillhandah\u00e5ller en komplett l\u00f6sning f\u00f6r er logistik. Med v\u00e5ra medarbetare och v\u00e5r kunskap inom tredjepartslogistik tillhandah\u00e5ller vi en intelligent och innovativ supply chain management.<\/p>\n\n\n\n<p>V\u00e5r verksamhet \u00e4r byggd p\u00e5 f\u00f6rtroende och transparens tillsammans med kompetens och smidighet f\u00f6r att forma en l\u00f6sning f\u00f6r dina exakta behov.<\/p>\n","protected":false},"excerpt":{"rendered":"<p>MLP tillhandah\u00e5ller en komplett l\u00f6sning f\u00f6r er logistik. Med v\u00e5ra medarbetare och v\u00e5r kunskap inom tredjepartslogistik tillhandah\u00e5ller vi en intelligent och innovativ supply chain management. V\u00e5r verksamhet \u00e4r byggd p\u00e5 f\u00f6rtroende och transparens tillsammans med kompetens och smidighet f\u00f6r att forma en l\u00f6sning f\u00f6r dina exakta behov.<\/p>\n","protected":false},"author":1,"featured_media":0,"parent":0,"menu_order":0,"comment_status":"closed","ping_status":"closed","template":"","meta":{"_acf_changed":false,"footnotes":""},"class_list":["post-260","page","type-page","status-publish","hentry"],"acf":[],"_links":{"self":[{"href":"https:\/\/www.medicallogpoint.se\/sv\/wp-json\/wp\/v2\/pages\/260","targetHints":{"allow":["GET"]}}],"collection":[{"href":"https:\/\/www.medicallogpoint.se\/sv\/wp-json\/wp\/v2\/pages"}],"about":[{"href":"https:\/\/www.medicallogpoint.se\/sv\/wp-json\/wp\/v2\/types\/page"}],"author":[{"embeddable":true,"href":"https:\/\/www.medicallogpoint.se\/sv\/wp-json\/wp\/v2\/users\/1"}],"replies":[{"embeddable":true,"href":"https:\/\/www.medicallogpoint.se\/sv\/wp-json\/wp\/v2\/comments?post=260"}],"version-history":[{"count":5,"href":"https:\/\/www.medicallogpoint.se\/sv\/wp-json\/wp\/v2\/pages\/260\/revisions"}],"predecessor-version":[{"id":348,"href":"https:\/\/www.medicallogpoint.se\/sv\/wp-json\/wp\/v2\/pages\/260\/revisions\/348"}],"wp:attachment":[{"href":"https:\/\/www.medicallogpoint.se\/sv\/wp-json\/wp\/v2\/media?parent=260"}],"curies":[{"name":"wp","href":"https:\/\/api.w.org\/{rel}","templated":true}]}}