{"id":269,"date":"2020-11-24T13:42:25","date_gmt":"2020-11-24T13:42:25","guid":{"rendered":"https:\/\/www.medicallogpoint.se\/varfor-mlp\/"},"modified":"2023-03-27T10:59:09","modified_gmt":"2023-03-27T10:59:09","slug":"varfor-mlp","status":"publish","type":"page","link":"https:\/\/www.medicallogpoint.se\/sv\/varfor-mlp\/","title":{"rendered":"Varf\u00f6r MLP?"},"content":{"rendered":"\n<p class=\"has-text-align-center\"><strong>Vi tj\u00e4nar h\u00e4lso- och sjukv\u00e5rdssektorn i hela Norden och levererar med korta ledtider. V\u00e5rt interna\nteam f\u00f6rst\u00e5r sektorns unika krav och hur man ska effektivisera processer f\u00f6r att n\u00e5 en st\u00f6rre\nresurseffektivitet.<\/strong><\/p>\n\n\n\n<h3 class=\"has-text-align-center wp-block-heading\">F\u00f6rdelarna med att arbeta tillsammans med MLP<\/h3>\n\n\n\n<p class=\"has-text-align-center\"><strong>B\u00e4ttre tillf\u00f6rlitlighet, b\u00e4ttre prestanda, minskade kostnader och \u00f6kad milj\u00f6integritet.<\/strong><\/p>\n\n\n\n<ul class=\"wp-block-list\">\n<li>Vi hj\u00e4lper er att fokusera p\u00e5 er k\u00e4rnverksamhet genom att outsourca er lagerh\u00e5llning och logistik till experter inom omr\u00e5det.<\/li>\n\n\n\n<li>Vi transporterar ert gods hela v\u00e4gen till kliniken, avdelningen, labbet eller direkt till slutkonsumenten i r\u00e4tt tid. <\/li>\n\n\n\n<li>Specialiserade p\u00e5 att tillhandah\u00e5lla integrerade lagerh\u00e5llnings- och transportl\u00f6sningar som kan skalas och anpassas efter kundens behov. <\/li>\n\n\n\n<li>V\u00e5r transparenta kostnadsstruktur betyder att ni endast betalar f\u00f6r de tj\u00e4nster och den lagerh\u00e5llning som ni anv\u00e4nder.<\/li>\n\n\n\n<li>Vi har en enkel fakturering d\u00e5 alla tj\u00e4nster och transporter sammanst\u00e4lls p\u00e5 en och samma faktura<\/li>\n\n\n\n<li>V\u00e5r dedikerade nordiska hub och v\u00e5rt omfattande distributionsn\u00e4tverk eliminerar behovet Av mellanlagring och omlastning f\u00f6r att minska ert koldioxidavtryck<\/li>\n\n\n\n<li>Vi \u00e4r en godk\u00e4nd verksamhet enligt LRQA ISO 14001 och ISO 9001.<\/li>\n<\/ul>\n","protected":false},"excerpt":{"rendered":"<p>Vi tj\u00e4nar h\u00e4lso- och sjukv\u00e5rdssektorn i hela Norden och levererar med korta ledtider. V\u00e5rt interna team f\u00f6rst\u00e5r sektorns unika krav och hur man ska effektivisera processer f\u00f6r att n\u00e5 en st\u00f6rre resurseffektivitet. F\u00f6rdelarna med att arbeta tillsammans med MLP B\u00e4ttre tillf\u00f6rlitlighet, b\u00e4ttre prestanda, minskade kostnader och \u00f6kad milj\u00f6integritet.<\/p>\n","protected":false},"author":1,"featured_media":115,"parent":0,"menu_order":0,"comment_status":"closed","ping_status":"closed","template":"views\/mlp.blade.php","meta":{"_acf_changed":false,"footnotes":""},"class_list":["post-269","page","type-page","status-publish","has-post-thumbnail","hentry"],"acf":[],"_links":{"self":[{"href":"https:\/\/www.medicallogpoint.se\/sv\/wp-json\/wp\/v2\/pages\/269","targetHints":{"allow":["GET"]}}],"collection":[{"href":"https:\/\/www.medicallogpoint.se\/sv\/wp-json\/wp\/v2\/pages"}],"about":[{"href":"https:\/\/www.medicallogpoint.se\/sv\/wp-json\/wp\/v2\/types\/page"}],"author":[{"embeddable":true,"href":"https:\/\/www.medicallogpoint.se\/sv\/wp-json\/wp\/v2\/users\/1"}],"replies":[{"embeddable":true,"href":"https:\/\/www.medicallogpoint.se\/sv\/wp-json\/wp\/v2\/comments?post=269"}],"version-history":[{"count":1,"href":"https:\/\/www.medicallogpoint.se\/sv\/wp-json\/wp\/v2\/pages\/269\/revisions"}],"predecessor-version":[{"id":336,"href":"https:\/\/www.medicallogpoint.se\/sv\/wp-json\/wp\/v2\/pages\/269\/revisions\/336"}],"wp:featuredmedia":[{"embeddable":true,"href":"https:\/\/www.medicallogpoint.se\/sv\/wp-json\/wp\/v2\/media\/115"}],"wp:attachment":[{"href":"https:\/\/www.medicallogpoint.se\/sv\/wp-json\/wp\/v2\/media?parent=269"}],"curies":[{"name":"wp","href":"https:\/\/api.w.org\/{rel}","templated":true}]}}